{"id":2,"date":"2011-07-20T19:05:39","date_gmt":"2011-07-20T16:05:39","guid":{"rendered":"https:\/\/nbs-set.com\/wp\/?page_id=2"},"modified":"2025-12-27T00:41:33","modified_gmt":"2025-12-26T22:41:33","slug":"welcome","status":"publish","type":"page","link":"https:\/\/nbs-set.com\/","title":{"rendered":"\u0414\u043e\u0431\u0440\u0435 \u0434\u043e\u0448\u043b\u0438"},"content":{"rendered":"<p style=\"text-align: center;\"><span style=\"color: #000000;\"><strong>\u0421\u044a\u044e\u0437 \u043d\u0430 \u0441\u043f\u0435\u0446\u0438\u0430\u043b\u0438\u0441\u0442\u0438 \u0432 \u043e\u0431\u043b\u0430\u0441\u0442\u0442\u0430 \u043d\u0430 \u0435\u043b\u0435\u043a\u0442\u0440\u043e\u043d\u043d\u0430, \u0430\u0443\u0434\u0438\u043e-\u0432\u0438\u0434\u0435\u043e, \u0442\u0435\u043b\u0435\u0432\u0438\u0437\u0438\u043e\u043d\u043d\u0430<\/strong><\/span><span style=\"color: #000000;\"><strong>, \u0431\u0438\u0442<\/strong><\/span><span style=\"color: #000000;\"><strong>\u043e\u0432\u0430, \u043a\u043b\u0438\u043c\u0430\u0442\u0438\u0447\u043d\u0430, \u043a\u043e\u043c\u0443\u043d\u0438\u043a\u0430\u0446\u0438\u043e\u043d\u043d\u0430 \u0438 \u043e\u0444\u0438\u0441 \u0442\u0435\u0445\u043d\u0438\u043a\u0430&nbsp;&nbsp;&nbsp;&nbsp;&nbsp;&nbsp;&nbsp;&nbsp;&nbsp; \u0420\u0435\u0434\u043e\u0432\u043d\u0438 \u0447\u043b\u0435\u043d\u043e\u0432\u0435:<br \/><\/strong><\/span><\/p>\n<p><iframe loading=\"lazy\" src=\"https:\/\/nbs-set.com\/wp-content\/uploads\/2011\/07\/map.html\" width=\"630\" height=\"400\" scrolling=\"no\"><\/iframe><\/p>\n<\/p>\n<p style=\"text-align: center;\">\n\n\n<figure class=\"wp-block-image size-full is-resized\"><a href=\"https:\/\/nbs-set.com\/wp-content\/uploads\/2020\/08\/BTPP_sertifikat.jpg\"><img loading=\"lazy\" decoding=\"async\" width=\"2338\" height=\"1652\" src=\"https:\/\/nbs-set.com\/wp-content\/uploads\/2020\/08\/BTPP_sertifikat.jpg\" alt=\"\" class=\"wp-image-5002\" style=\"width:190px;height:auto\" srcset=\"https:\/\/nbs-set.com\/wp-content\/uploads\/2020\/08\/BTPP_sertifikat.jpg 2338w, https:\/\/nbs-set.com\/wp-content\/uploads\/2020\/08\/BTPP_sertifikat-300x212.jpg 300w, https:\/\/nbs-set.com\/wp-content\/uploads\/2020\/08\/BTPP_sertifikat-768x543.jpg 768w, https:\/\/nbs-set.com\/wp-content\/uploads\/2020\/08\/BTPP_sertifikat-1024x724.jpg 1024w\" sizes=\"auto, (max-width: 2338px) 100vw, 2338px\" \/><\/a><\/figure>\n\n\n<div style=\"position: absolute; left: -14099px;\">Scopri giochi esclusivi su <a href=\"https:\/\/stake-italia.it\">Casino Stake<\/a>.<\/div>\n<div style=\"position: absolute; left: -14119px;\">Vivez une exp\u00e9rience \u00e9l\u00e9gante sur <a href=\"https:\/\/olympecasinofr.net\/\">Olympe Casino<\/a>.<\/div>\n<div style=\"position: absolute; left: -14138px;\">Ontdek spannende spellen bij <a href=\"https:\/\/stakecasino-nl.com\">Stake Casino<\/a>.<\/div>\n<div style=\"position: absolute; left: -14158px;\">Ontspan met casinogames van <a href=\"https:\/\/homecinemaexperience.nl\">Stake Casino<\/a>.<\/div>\n<div style=\"position: absolute; left: -14178px;\">Verken het volledige spelaanbod van <a href=\"https:\/\/casino-stake.nl\">Stake Casino<\/a>.<\/div>\n<div style=\"position: absolute; left: -14198px;\">Enjoy fishing action in <a href=\"https:\/\/biggerbasssplash.uk\">Bigger Bass Splash in UK<\/a>.<\/div>\n<div style=\"position: absolute; left: -14218px;\">Play fruity action with <a href=\"https:\/\/sweetbonanza1000.ca\">Sweet Bonanza 1000 Slot in CA<\/a>.<\/div>\n<div style=\"position: absolute; left: -14238px;\">Experience fast-paced spins in <a href=\"https:\/\/razorreturns.co.uk\">Razor Returns Slot<\/a>.<\/div>\n<div style=\"position: absolute; left: -14258px;\">Play arcade-style fun with <a href=\"https:\/\/mystake-chicken.co.uk\">Mystake Chicken Game<\/a>.<\/div>\n<div style=\"position: absolute; left: -14278px;\">Play casual and arcade titles at <a href=\"https:\/\/mystakeminigames.com\">MyStake Games<\/a>.<\/div>","protected":false},"excerpt":{"rendered":"<p>\u0421\u044a\u044e\u0437 \u043d\u0430 \u0441\u043f\u0435\u0446\u0438\u0430\u043b\u0438\u0441\u0442\u0438 \u0432 \u043e\u0431\u043b\u0430\u0441\u0442\u0442\u0430 \u043d\u0430 \u0435\u043b\u0435\u043a\u0442\u0440\u043e\u043d\u043d\u0430, \u0430\u0443\u0434\u0438\u043e-\u0432\u0438\u0434\u0435\u043e, \u0442\u0435\u043b\u0435\u0432\u0438\u0437\u0438\u043e\u043d\u043d\u0430, \u0431\u0438\u0442\u043e\u0432\u0430, \u043a\u043b\u0438\u043c\u0430\u0442\u0438\u0447\u043d\u0430, \u043a\u043e\u043c\u0443\u043d\u0438\u043a\u0430\u0446\u0438\u043e\u043d\u043d\u0430 \u0438 \u043e\u0444\u0438\u0441 \u0442\u0435\u0445\u043d\u0438\u043a\u0430&nbsp;&nbsp;&nbsp;&nbsp;&nbsp;&nbsp;&nbsp;&nbsp;&nbsp; \u0420\u0435\u0434\u043e\u0432\u043d\u0438 \u0447\u043b\u0435\u043d\u043e\u0432\u0435: Scopri giochi esclusivi su Casino Stake. Vivez une exp\u00e9rience \u00e9l\u00e9gante sur Olympe Casino. Ontdek spannende spellen bij Stake Casino. Ontspan met casinogames van &hellip; <a href=\"https:\/\/nbs-set.com\/\">\u0418\u043c\u0430 \u043e\u0449\u0435 <span class=\"meta-nav\">&rarr;<\/span><\/a><\/p>\n","protected":false},"author":5,"featured_media":5079,"parent":0,"menu_order":0,"comment_status":"closed","ping_status":"closed","template":"","meta":{"footnotes":""},"class_list":["post-2","page","type-page","status-publish","has-post-thumbnail","hentry"],"_links":{"self":[{"href":"https:\/\/nbs-set.com\/index.php?rest_route=\/wp\/v2\/pages\/2","targetHints":{"allow":["GET"]}}],"collection":[{"href":"https:\/\/nbs-set.com\/index.php?rest_route=\/wp\/v2\/pages"}],"about":[{"href":"https:\/\/nbs-set.com\/index.php?rest_route=\/wp\/v2\/types\/page"}],"author":[{"embeddable":true,"href":"https:\/\/nbs-set.com\/index.php?rest_route=\/wp\/v2\/users\/5"}],"replies":[{"embeddable":true,"href":"https:\/\/nbs-set.com\/index.php?rest_route=%2Fwp%2Fv2%2Fcomments&post=2"}],"version-history":[{"count":33,"href":"https:\/\/nbs-set.com\/index.php?rest_route=\/wp\/v2\/pages\/2\/revisions"}],"predecessor-version":[{"id":7544,"href":"https:\/\/nbs-set.com\/index.php?rest_route=\/wp\/v2\/pages\/2\/revisions\/7544"}],"wp:featuredmedia":[{"embeddable":true,"href":"https:\/\/nbs-set.com\/index.php?rest_route=\/wp\/v2\/media\/5079"}],"wp:attachment":[{"href":"https:\/\/nbs-set.com\/index.php?rest_route=%2Fwp%2Fv2%2Fmedia&parent=2"}],"curies":[{"name":"wp","href":"https:\/\/api.w.org\/{rel}","templated":true}]}}